{"id":8,"date":"2019-05-23T19:05:34","date_gmt":"2019-05-23T17:05:34","guid":{"rendered":"http:\/\/localhost:1234\/?page_id=8"},"modified":"2026-02-15T19:24:17","modified_gmt":"2026-02-15T18:24:17","slug":"home","status":"publish","type":"page","link":"https:\/\/www.topskinpro.sk\/","title":{"rendered":"Dermatol\u00f3gia a estetick\u00e1 dermatol\u00f3gia"},"content":{"rendered":"\n<p>Mo\u017eno c\u00edti\u0161, \u017ee potrebuje\u0161 zmenu. Jemnej\u0161ie vr\u00e1sky. Hlad\u0161iu ko\u017eu. Pln\u0161ie pery. Pr\u00ed\u010f. Nechaj sa roz\u017eiari\u0165. <\/p>\n\n\n\n<p><mark style=\"background-color:rgba(0, 0, 0, 0)\" class=\"has-inline-color has-vivid-red-color\">Pozor. Nov\u00e1 adresa: Pri Jazdiarni 1, 040 01, Ko\u0161ice<\/mark><br><\/p>\n\n\n\n<div class=\"wp-block-columns is-layout-flex wp-container-core-columns-is-layout-9d6595d7 wp-block-columns-is-layout-flex\">\n<div class=\"wp-block-column is-layout-flow wp-block-column-is-layout-flow\"><\/div>\n\n\n\n<div class=\"wp-block-column is-layout-flow wp-block-column-is-layout-flow\"><\/div>\n<\/div>\n\n\n\n<p><\/p>\n","protected":false},"excerpt":{"rendered":"<p>Mo\u017eno c\u00edti\u0161, \u017ee potrebuje\u0161 zmenu. Jemnej\u0161ie vr\u00e1sky. Hlad\u0161iu ko\u017eu. Pln\u0161ie pery. Pr\u00ed\u010f. Nechaj sa roz\u017eiari\u0165. Pozor. Nov\u00e1 adresa: Pri Jazdiarni 1, 040 01, Ko\u0161ice [&#8230;]<\/p>\n<p><a class=\"btn btn-secondary understrap-read-more-link\" href=\"https:\/\/www.topskinpro.sk\/\">Read More&#8230;<\/a><\/p>\n","protected":false},"author":1,"featured_media":0,"parent":0,"menu_order":0,"comment_status":"closed","ping_status":"closed","template":"page-templates\/fullwidthpage.php","meta":{"footnotes":""},"class_list":["post-8","page","type-page","status-publish","hentry"],"_links":{"self":[{"href":"https:\/\/www.topskinpro.sk\/index.php?rest_route=\/wp\/v2\/pages\/8","targetHints":{"allow":["GET"]}}],"collection":[{"href":"https:\/\/www.topskinpro.sk\/index.php?rest_route=\/wp\/v2\/pages"}],"about":[{"href":"https:\/\/www.topskinpro.sk\/index.php?rest_route=\/wp\/v2\/types\/page"}],"author":[{"embeddable":true,"href":"https:\/\/www.topskinpro.sk\/index.php?rest_route=\/wp\/v2\/users\/1"}],"replies":[{"embeddable":true,"href":"https:\/\/www.topskinpro.sk\/index.php?rest_route=%2Fwp%2Fv2%2Fcomments&post=8"}],"version-history":[{"count":12,"href":"https:\/\/www.topskinpro.sk\/index.php?rest_route=\/wp\/v2\/pages\/8\/revisions"}],"predecessor-version":[{"id":14123,"href":"https:\/\/www.topskinpro.sk\/index.php?rest_route=\/wp\/v2\/pages\/8\/revisions\/14123"}],"wp:attachment":[{"href":"https:\/\/www.topskinpro.sk\/index.php?rest_route=%2Fwp%2Fv2%2Fmedia&parent=8"}],"curies":[{"name":"wp","href":"https:\/\/api.w.org\/{rel}","templated":true}]}}